{"id":1693,"date":"2025-02-17T17:07:08","date_gmt":"2025-02-17T16:07:08","guid":{"rendered":"https:\/\/kallisterra.corsica\/mentions-legales\/"},"modified":"2025-04-24T11:37:30","modified_gmt":"2025-04-24T09:37:30","slug":"mentions-legales","status":"publish","type":"page","link":"https:\/\/kallisterra.corsica\/en\/mentions-legales\/","title":{"rendered":"Mentions l\u00e9gales"},"content":{"rendered":"<section class=\"l-section wpb_row height_medium\"><div class=\"l-section-h i-cf\"><div class=\"g-cols vc_row via_grid cols_1 laptops-cols_inherit tablets-cols_inherit mobiles-cols_1 valign_top type_default stacking_default\"><div class=\"wpb_column vc_column_container\"><div class=\"vc_column-inner\"><h2 class=\"w-text\"><span class=\"w-text-h\"><span class=\"w-text-value\">Mentions L\u00e9gales<\/span><\/span><\/h2><div class=\"w-separator size_small\"><\/div><div class=\"wpb_text_column us_custom_432d3f53\"><div class=\"wpb_wrapper\"><div class=\"ffb-id-4i8ciaos fg-paragraph ff-richtext text-left fg-text-dark\">\n<p><strong>Identification Identit\u00e9 :<\/strong><\/p>\n<p>&nbsp;<\/p>\n<\/div>\n<p>Kallisterra Village<br \/>\nAdresse : Commune de Zonza \u2013 20144 Sainte Lucie de Porto Vecchio<br \/>\nT\u00e9l : +33 (0)4 20 40 98 18 puis taper 2.<br \/>\nMail :<span> <\/span><a href=\"mailto:contact@kallisterra.corsica\">contact@kallisterra.corsica<\/a><br \/>\nDirecteur(s) de la publication :<br \/>\nConception et r\u00e9alisation :<\/p>\n<p><strong>H\u00e9bergement :<\/strong><\/p>\n<p>Entreprise acomdi.com<br \/>\nT\u00e9l : 06.52.73.26.70<br \/>\nemail : contact@acomdir.com<\/p>\n<p><strong>Informations nominatives :<\/strong><\/p>\n<p>All persons have the right to access, modify, rectify and delete data concerning them (article 34 of the French Data Protection Act of 6 January 1978). To exercise this right, please contact the Village Club Kallisterra at the address above. Pour exercer ce droit adressez vous au Village Club Kallisterra dont les coordonn\u00e9es sont mentionn\u00e9es ci-dessus.<\/p>\n<p><strong>Intellectual property :<\/strong><\/p>\n<p>This site is governed by French and international legislation on copyright and intellectual property.<br \/>\nReproduction of all or part of this site on electronic or paper media (including downloadable documents) is strictly prohibited without the express authorisation of the publication director.<\/p>\n<p><strong>Hyperlinks to other sites :<\/strong><\/p>\n<p>The site may contain links to other sites.<\/p>\n<p>Kallisterra Village cannot be held responsible for the layout or content appearing on or obtained via these sites.<\/p>\n<p><strong>Responsibilities of Kallisterra Village :<\/strong><\/p>\n<p>Kallisterra Village accepts no responsibility for any inaccuracies or omissions in the information on its site.<\/p>\n<p>Kallisterra Village declines all responsibility for any difficulties encountered when accessing its Site or for any communication failure.<\/p>\n<p><strong>Applicable law :<\/strong><\/p>\n<div class=\"ffb-id-4ia2s7he fg-paragraph ff-richtext text-left fg-text-dark\">These conditions are governed by French law.<br \/>\nThe French courts shall have exclusive jurisdiction over any dispute relating directly or indirectly to access to or use of this Site.<\/div>\n<\/div><\/div><\/div><\/div><\/div><\/div><\/section>\n","protected":false},"excerpt":{"rendered":"Mentions L\u00e9gales Identification Identit\u00e9 : &nbsp; Kallisterra Village Adresse : Commune de Zonza \u2013 20144 Sainte Lucie de Porto Vecchio T\u00e9l : +33 (0)4 20 40 98 18 puis taper 2. Mail : contact@kallisterra.corsica Directeur(s) de la publication : Conception et r\u00e9alisation : H\u00e9bergement : Entreprise acomdi.com T\u00e9l : 06.52.73.26.70 email : contact@acomdir.com Informations nominatives...","protected":false},"author":1,"featured_media":0,"parent":0,"menu_order":0,"comment_status":"closed","ping_status":"closed","template":"","meta":{"_acf_changed":false,"footnotes":""},"class_list":["post-1693","page","type-page","status-publish","hentry"],"acf":[],"yoast_head":"<!-- This site is optimized with the Yoast SEO plugin v27.4 - https:\/\/yoast.com\/product\/yoast-seo-wordpress\/ -->\n<title>Mentions l\u00e9gales - KALLISTERRA<\/title>\n<meta name=\"description\" content=\"Legal information Adresse : Commune de Zonza \u2013 20144 Sainte Lucie de Porto Vecchio\" \/>\n<meta name=\"robots\" content=\"index, follow, max-snippet:-1, max-image-preview:large, max-video-preview:-1\" \/>\n<link rel=\"canonical\" href=\"https:\/\/kallisterra.corsica\/en\/mentions-legales\/\" \/>\n<meta property=\"og:locale\" content=\"en_US\" \/>\n<meta property=\"og:type\" content=\"article\" \/>\n<meta property=\"og:title\" content=\"Mentions l\u00e9gales - KALLISTERRA\" \/>\n<meta property=\"og:description\" content=\"Legal information Adresse : Commune de Zonza \u2013 20144 Sainte Lucie de Porto Vecchio\" \/>\n<meta property=\"og:url\" content=\"https:\/\/kallisterra.corsica\/en\/mentions-legales\/\" \/>\n<meta property=\"og:site_name\" content=\"KALLISTERRA\" \/>\n<meta property=\"article:modified_time\" content=\"2025-04-24T09:37:30+00:00\" \/>\n<meta property=\"og:image\" content=\"https:\/\/kallisterra.corsica\/wp-content\/uploads\/2025\/01\/village-kallistera-corse.jpg\" \/>\n\t<meta property=\"og:image:width\" content=\"800\" \/>\n\t<meta property=\"og:image:height\" content=\"449\" \/>\n\t<meta property=\"og:image:type\" content=\"image\/jpeg\" \/>\n<meta name=\"twitter:card\" content=\"summary_large_image\" \/>\n<meta name=\"twitter:label1\" content=\"Est. reading time\" \/>\n\t<meta name=\"twitter:data1\" content=\"1 minute\" \/>\n<script type=\"application\/ld+json\" class=\"yoast-schema-graph\">{\"@context\":\"https:\\\/\\\/schema.org\",\"@graph\":[{\"@type\":\"WebPage\",\"@id\":\"https:\\\/\\\/kallisterra.corsica\\\/en\\\/mentions-legales\\\/\",\"url\":\"https:\\\/\\\/kallisterra.corsica\\\/en\\\/mentions-legales\\\/\",\"name\":\"Mentions l\u00e9gales - KALLISTERRA\",\"isPartOf\":{\"@id\":\"https:\\\/\\\/kallisterra.corsica\\\/en\\\/#website\"},\"datePublished\":\"2025-02-17T16:07:08+00:00\",\"dateModified\":\"2025-04-24T09:37:30+00:00\",\"description\":\"Legal information Adresse : Commune de Zonza \u2013 20144 Sainte Lucie de Porto Vecchio\",\"breadcrumb\":{\"@id\":\"https:\\\/\\\/kallisterra.corsica\\\/en\\\/mentions-legales\\\/#breadcrumb\"},\"inLanguage\":\"en-US\",\"potentialAction\":[{\"@type\":\"ReadAction\",\"target\":[\"https:\\\/\\\/kallisterra.corsica\\\/en\\\/mentions-legales\\\/\"]}]},{\"@type\":\"BreadcrumbList\",\"@id\":\"https:\\\/\\\/kallisterra.corsica\\\/en\\\/mentions-legales\\\/#breadcrumb\",\"itemListElement\":[{\"@type\":\"ListItem\",\"position\":1,\"name\":\"Accueil\",\"item\":\"https:\\\/\\\/kallisterra.corsica\\\/en\\\/kallisterra-village\\\/\"},{\"@type\":\"ListItem\",\"position\":2,\"name\":\"Mentions l\u00e9gales\"}]},{\"@type\":\"WebSite\",\"@id\":\"https:\\\/\\\/kallisterra.corsica\\\/en\\\/#website\",\"url\":\"https:\\\/\\\/kallisterra.corsica\\\/en\\\/\",\"name\":\"KALLISTERRA\",\"description\":\"club de vacance en Corse\",\"publisher\":{\"@id\":\"https:\\\/\\\/kallisterra.corsica\\\/en\\\/#organization\"},\"potentialAction\":[{\"@type\":\"SearchAction\",\"target\":{\"@type\":\"EntryPoint\",\"urlTemplate\":\"https:\\\/\\\/kallisterra.corsica\\\/en\\\/?s={search_term_string}\"},\"query-input\":{\"@type\":\"PropertyValueSpecification\",\"valueRequired\":true,\"valueName\":\"search_term_string\"}}],\"inLanguage\":\"en-US\"},{\"@type\":\"Organization\",\"@id\":\"https:\\\/\\\/kallisterra.corsica\\\/en\\\/#organization\",\"name\":\"KALLISTERRA\",\"url\":\"https:\\\/\\\/kallisterra.corsica\\\/en\\\/\",\"logo\":{\"@type\":\"ImageObject\",\"inLanguage\":\"en-US\",\"@id\":\"https:\\\/\\\/kallisterra.corsica\\\/en\\\/#\\\/schema\\\/logo\\\/image\\\/\",\"url\":\"https:\\\/\\\/kallisterra.corsica\\\/wp-content\\\/uploads\\\/2025\\\/01\\\/favicon-kallistera.svg\",\"contentUrl\":\"https:\\\/\\\/kallisterra.corsica\\\/wp-content\\\/uploads\\\/2025\\\/01\\\/favicon-kallistera.svg\",\"width\":\"1024\",\"height\":\"1024\",\"caption\":\"KALLISTERRA\"},\"image\":{\"@id\":\"https:\\\/\\\/kallisterra.corsica\\\/en\\\/#\\\/schema\\\/logo\\\/image\\\/\"}}]}<\/script>\n<!-- \/ Yoast SEO plugin. -->","yoast_head_json":{"title":"Mentions l\u00e9gales - KALLISTERRA","description":"Legal information Adresse : Commune de Zonza \u2013 20144 Sainte Lucie de Porto Vecchio","robots":{"index":"index","follow":"follow","max-snippet":"max-snippet:-1","max-image-preview":"max-image-preview:large","max-video-preview":"max-video-preview:-1"},"canonical":"https:\/\/kallisterra.corsica\/en\/mentions-legales\/","og_locale":"en_US","og_type":"article","og_title":"Mentions l\u00e9gales - KALLISTERRA","og_description":"Legal information Adresse : Commune de Zonza \u2013 20144 Sainte Lucie de Porto Vecchio","og_url":"https:\/\/kallisterra.corsica\/en\/mentions-legales\/","og_site_name":"KALLISTERRA","article_modified_time":"2025-04-24T09:37:30+00:00","og_image":[{"width":800,"height":449,"url":"https:\/\/kallisterra.corsica\/wp-content\/uploads\/2025\/01\/village-kallistera-corse.jpg","type":"image\/jpeg"}],"twitter_card":"summary_large_image","twitter_misc":{"Est. reading time":"1 minute"},"schema":{"@context":"https:\/\/schema.org","@graph":[{"@type":"WebPage","@id":"https:\/\/kallisterra.corsica\/en\/mentions-legales\/","url":"https:\/\/kallisterra.corsica\/en\/mentions-legales\/","name":"Mentions l\u00e9gales - KALLISTERRA","isPartOf":{"@id":"https:\/\/kallisterra.corsica\/en\/#website"},"datePublished":"2025-02-17T16:07:08+00:00","dateModified":"2025-04-24T09:37:30+00:00","description":"Legal information Adresse : Commune de Zonza \u2013 20144 Sainte Lucie de Porto Vecchio","breadcrumb":{"@id":"https:\/\/kallisterra.corsica\/en\/mentions-legales\/#breadcrumb"},"inLanguage":"en-US","potentialAction":[{"@type":"ReadAction","target":["https:\/\/kallisterra.corsica\/en\/mentions-legales\/"]}]},{"@type":"BreadcrumbList","@id":"https:\/\/kallisterra.corsica\/en\/mentions-legales\/#breadcrumb","itemListElement":[{"@type":"ListItem","position":1,"name":"Accueil","item":"https:\/\/kallisterra.corsica\/en\/kallisterra-village\/"},{"@type":"ListItem","position":2,"name":"Mentions l\u00e9gales"}]},{"@type":"WebSite","@id":"https:\/\/kallisterra.corsica\/en\/#website","url":"https:\/\/kallisterra.corsica\/en\/","name":"KALLISTERRA","description":"club de vacance en Corse","publisher":{"@id":"https:\/\/kallisterra.corsica\/en\/#organization"},"potentialAction":[{"@type":"SearchAction","target":{"@type":"EntryPoint","urlTemplate":"https:\/\/kallisterra.corsica\/en\/?s={search_term_string}"},"query-input":{"@type":"PropertyValueSpecification","valueRequired":true,"valueName":"search_term_string"}}],"inLanguage":"en-US"},{"@type":"Organization","@id":"https:\/\/kallisterra.corsica\/en\/#organization","name":"KALLISTERRA","url":"https:\/\/kallisterra.corsica\/en\/","logo":{"@type":"ImageObject","inLanguage":"en-US","@id":"https:\/\/kallisterra.corsica\/en\/#\/schema\/logo\/image\/","url":"https:\/\/kallisterra.corsica\/wp-content\/uploads\/2025\/01\/favicon-kallistera.svg","contentUrl":"https:\/\/kallisterra.corsica\/wp-content\/uploads\/2025\/01\/favicon-kallistera.svg","width":"1024","height":"1024","caption":"KALLISTERRA"},"image":{"@id":"https:\/\/kallisterra.corsica\/en\/#\/schema\/logo\/image\/"}}]}},"_links":{"self":[{"href":"https:\/\/kallisterra.corsica\/en\/wp-json\/wp\/v2\/pages\/1693","targetHints":{"allow":["GET"]}}],"collection":[{"href":"https:\/\/kallisterra.corsica\/en\/wp-json\/wp\/v2\/pages"}],"about":[{"href":"https:\/\/kallisterra.corsica\/en\/wp-json\/wp\/v2\/types\/page"}],"author":[{"embeddable":true,"href":"https:\/\/kallisterra.corsica\/en\/wp-json\/wp\/v2\/users\/1"}],"replies":[{"embeddable":true,"href":"https:\/\/kallisterra.corsica\/en\/wp-json\/wp\/v2\/comments?post=1693"}],"version-history":[{"count":2,"href":"https:\/\/kallisterra.corsica\/en\/wp-json\/wp\/v2\/pages\/1693\/revisions"}],"predecessor-version":[{"id":1695,"href":"https:\/\/kallisterra.corsica\/en\/wp-json\/wp\/v2\/pages\/1693\/revisions\/1695"}],"wp:attachment":[{"href":"https:\/\/kallisterra.corsica\/en\/wp-json\/wp\/v2\/media?parent=1693"}],"curies":[{"name":"wp","href":"https:\/\/api.w.org\/{rel}","templated":true}]}}