{"id":1696,"date":"2025-02-17T17:07:08","date_gmt":"2025-02-17T16:07:08","guid":{"rendered":"https:\/\/kallisterra.corsica\/informazioni-legali\/"},"modified":"2025-04-24T11:41:12","modified_gmt":"2025-04-24T09:41:12","slug":"informazioni-legali","status":"publish","type":"page","link":"https:\/\/kallisterra.corsica\/it\/informazioni-legali\/","title":{"rendered":"Informazioni legali"},"content":{"rendered":"<section class=\"l-section wpb_row height_medium\"><div class=\"l-section-h i-cf\"><div class=\"g-cols vc_row via_grid cols_1 laptops-cols_inherit tablets-cols_inherit mobiles-cols_1 valign_top type_default stacking_default\"><div class=\"wpb_column vc_column_container\"><div class=\"vc_column-inner\"><h2 class=\"w-text\"><span class=\"w-text-h\"><span class=\"w-text-value\">Informazioni legali<\/span><\/span><\/h2><div class=\"w-separator size_small\"><\/div><div class=\"wpb_text_column us_custom_432d3f53\"><div class=\"wpb_wrapper\"><div class=\"ffb-id-4i8ciaos fg-paragraph ff-richtext text-left fg-text-dark\">\n<p><strong>Identificazione dell&#8217;identit\u00e0:<\/strong><\/p>\n<p>&nbsp;<\/p>\n<\/div>\n<p>Villaggio di Kallisterra Indirizzo : Commune de Zonza \u2013 20144 Sainte Lucie de Porto Vecchio<br \/>\nT\u00e9l : +33 (0)4 20 40 98 18 puis taper 2.<br \/>\nPosta<span> <\/span><a href=\"mailto:contact@kallisterra.corsica\">Contact@kallisterra.corsica<br \/>\n<\/a>Direttore editoriale<br \/>\nconception et r\u00e9alisation<\/p>\n<p><strong>Hosting<\/strong><\/p>\n<p>Entreprise acomdi.com<br \/>\nT\u00e9l : 06.52.73.26.70<br \/>\nemail : contact@acomdir.com<\/p>\n<p><strong>Informazioni nominative<\/strong><\/p>\n<p>Ogni persona ha il diritto di accedere, modificare, rettificare e cancellare i dati che la riguardano (articolo 34 della legge francese sulla protezione dei dati del 6 gennaio 1978). Per esercitare questo diritto, si prega di contattare il Village Club Kallisterra come indicato sopra. <\/p>\n<p><strong>propriet\u00e0 intellettuale:<\/strong><\/p>\n<p>Il presente sito \u00e8 disciplinato dalla legislazione francese e internazionale sul diritto d&#8217;autore e sulla propriet\u00e0 intellettuale.<br \/>\nLa riproduzione totale o parziale del sito su supporti elettronici o cartacei (compresi i documenti scaricabili) \u00e8 severamente vietata senza l&#8217;espressa autorizzazione del direttore della pubblicazione.<\/p>\n<p><strong>Collegamenti ipertestuali ad altri siti web :<\/strong><\/p>\n<p>Il sito pu\u00f2 contenere collegamenti ad altri siti.<\/p>\n<p>Il Kallisterra Village non pu\u00f2 essere ritenuto responsabile del layout o dei contenuti che appaiono o si ottengono tramite questi siti.<\/p>\n<p><strong>Responsabilit\u00e0 del villaggio di Kallisterra :<\/strong><\/p>\n<p>Il Kallisterra Village non si assume alcuna responsabilit\u00e0 per eventuali inesattezze o omissioni nelle informazioni contenute nel sito.<\/p>\n<p>Kallisterra Village declina ogni responsabilit\u00e0 per le difficolt\u00e0 incontrate nell&#8217;accesso al suo Sito o per eventuali errori di comunicazione.<\/p>\n<p><strong>Legge applicabile :<\/strong><\/p>\n<div class=\"ffb-id-4ia2s7he fg-paragraph ff-richtext text-left fg-text-dark\">Le presenti condizioni sono disciplinate dalla legge francese.<br \/>\nOgni controversia relativa direttamente o indirettamente all&#8217;accesso o all&#8217;utilizzo di questo Sito sar\u00e0 di esclusiva competenza dei tribunali francesi.<\/div>\n<\/div><\/div><\/div><\/div><\/div><\/div><\/section>\n","protected":false},"excerpt":{"rendered":"Informazioni legali Identificazione dell&#8217;identit\u00e0: &nbsp; Villaggio di Kallisterra Indirizzo : Commune de Zonza \u2013 20144 Sainte Lucie de Porto Vecchio T\u00e9l : +33 (0)4 20 40 98 18 puis taper 2. Posta Contact@kallisterra.corsica Direttore editoriale conception et r\u00e9alisation Hosting Entreprise acomdi.com T\u00e9l : 06.52.73.26.70 email : contact@acomdir.com Informazioni nominative Ogni persona ha il diritto di...","protected":false},"author":1,"featured_media":0,"parent":0,"menu_order":0,"comment_status":"closed","ping_status":"closed","template":"","meta":{"_acf_changed":false,"footnotes":""},"class_list":["post-1696","page","type-page","status-publish","hentry"],"acf":[],"yoast_head":"<!-- This site is optimized with the Yoast SEO plugin v27.5 - https:\/\/yoast.com\/product\/yoast-seo-wordpress\/ -->\n<title>Informazioni legali - KALLISTERRA<\/title>\n<meta name=\"description\" content=\"Informazioni legali Villaggio KallisterraIndirizzo: Commune de Zonza - 20144 Sainte Lucie de Porto Vecchio\" \/>\n<meta name=\"robots\" content=\"index, follow, max-snippet:-1, max-image-preview:large, max-video-preview:-1\" \/>\n<link rel=\"canonical\" href=\"https:\/\/kallisterra.corsica\/it\/informazioni-legali\/\" \/>\n<meta property=\"og:locale\" content=\"it_IT\" \/>\n<meta property=\"og:type\" content=\"article\" \/>\n<meta property=\"og:title\" content=\"Informazioni legali - KALLISTERRA\" \/>\n<meta property=\"og:description\" content=\"Informazioni legali Villaggio KallisterraIndirizzo: Commune de Zonza - 20144 Sainte Lucie de Porto Vecchio\" \/>\n<meta property=\"og:url\" content=\"https:\/\/kallisterra.corsica\/it\/informazioni-legali\/\" \/>\n<meta property=\"og:site_name\" content=\"KALLISTERRA\" \/>\n<meta property=\"article:modified_time\" content=\"2025-04-24T09:41:12+00:00\" \/>\n<meta property=\"og:image\" content=\"https:\/\/kallisterra.corsica\/wp-content\/uploads\/2025\/01\/village-kallistera-corse.jpg\" \/>\n\t<meta property=\"og:image:width\" content=\"800\" \/>\n\t<meta property=\"og:image:height\" content=\"449\" \/>\n\t<meta property=\"og:image:type\" content=\"image\/jpeg\" \/>\n<meta name=\"twitter:card\" content=\"summary_large_image\" \/>\n<meta name=\"twitter:label1\" content=\"Tempo di lettura stimato\" \/>\n\t<meta name=\"twitter:data1\" content=\"1 minuto\" \/>\n<script type=\"application\/ld+json\" class=\"yoast-schema-graph\">{\"@context\":\"https:\\\/\\\/schema.org\",\"@graph\":[{\"@type\":\"WebPage\",\"@id\":\"https:\\\/\\\/kallisterra.corsica\\\/it\\\/informazioni-legali\\\/\",\"url\":\"https:\\\/\\\/kallisterra.corsica\\\/it\\\/informazioni-legali\\\/\",\"name\":\"Informazioni legali - KALLISTERRA\",\"isPartOf\":{\"@id\":\"https:\\\/\\\/kallisterra.corsica\\\/it\\\/#website\"},\"datePublished\":\"2025-02-17T16:07:08+00:00\",\"dateModified\":\"2025-04-24T09:41:12+00:00\",\"description\":\"Informazioni legali Villaggio KallisterraIndirizzo: Commune de Zonza - 20144 Sainte Lucie de Porto Vecchio\",\"breadcrumb\":{\"@id\":\"https:\\\/\\\/kallisterra.corsica\\\/it\\\/informazioni-legali\\\/#breadcrumb\"},\"inLanguage\":\"it-IT\",\"potentialAction\":[{\"@type\":\"ReadAction\",\"target\":[\"https:\\\/\\\/kallisterra.corsica\\\/it\\\/informazioni-legali\\\/\"]}]},{\"@type\":\"BreadcrumbList\",\"@id\":\"https:\\\/\\\/kallisterra.corsica\\\/it\\\/informazioni-legali\\\/#breadcrumb\",\"itemListElement\":[{\"@type\":\"ListItem\",\"position\":1,\"name\":\"Accueil\",\"item\":\"https:\\\/\\\/kallisterra.corsica\\\/it\\\/villaggio-kallisterra\\\/\"},{\"@type\":\"ListItem\",\"position\":2,\"name\":\"Informazioni legali\"}]},{\"@type\":\"WebSite\",\"@id\":\"https:\\\/\\\/kallisterra.corsica\\\/it\\\/#website\",\"url\":\"https:\\\/\\\/kallisterra.corsica\\\/it\\\/\",\"name\":\"KALLISTERRA\",\"description\":\"club de vacance en Corse\",\"publisher\":{\"@id\":\"https:\\\/\\\/kallisterra.corsica\\\/it\\\/#organization\"},\"potentialAction\":[{\"@type\":\"SearchAction\",\"target\":{\"@type\":\"EntryPoint\",\"urlTemplate\":\"https:\\\/\\\/kallisterra.corsica\\\/it\\\/?s={search_term_string}\"},\"query-input\":{\"@type\":\"PropertyValueSpecification\",\"valueRequired\":true,\"valueName\":\"search_term_string\"}}],\"inLanguage\":\"it-IT\"},{\"@type\":\"Organization\",\"@id\":\"https:\\\/\\\/kallisterra.corsica\\\/it\\\/#organization\",\"name\":\"KALLISTERRA\",\"url\":\"https:\\\/\\\/kallisterra.corsica\\\/it\\\/\",\"logo\":{\"@type\":\"ImageObject\",\"inLanguage\":\"it-IT\",\"@id\":\"https:\\\/\\\/kallisterra.corsica\\\/it\\\/#\\\/schema\\\/logo\\\/image\\\/\",\"url\":\"https:\\\/\\\/kallisterra.corsica\\\/wp-content\\\/uploads\\\/2025\\\/01\\\/favicon-kallistera.svg\",\"contentUrl\":\"https:\\\/\\\/kallisterra.corsica\\\/wp-content\\\/uploads\\\/2025\\\/01\\\/favicon-kallistera.svg\",\"width\":\"1024\",\"height\":\"1024\",\"caption\":\"KALLISTERRA\"},\"image\":{\"@id\":\"https:\\\/\\\/kallisterra.corsica\\\/it\\\/#\\\/schema\\\/logo\\\/image\\\/\"}}]}<\/script>\n<!-- \/ Yoast SEO plugin. -->","yoast_head_json":{"title":"Informazioni legali - KALLISTERRA","description":"Informazioni legali Villaggio KallisterraIndirizzo: Commune de Zonza - 20144 Sainte Lucie de Porto Vecchio","robots":{"index":"index","follow":"follow","max-snippet":"max-snippet:-1","max-image-preview":"max-image-preview:large","max-video-preview":"max-video-preview:-1"},"canonical":"https:\/\/kallisterra.corsica\/it\/informazioni-legali\/","og_locale":"it_IT","og_type":"article","og_title":"Informazioni legali - KALLISTERRA","og_description":"Informazioni legali Villaggio KallisterraIndirizzo: Commune de Zonza - 20144 Sainte Lucie de Porto Vecchio","og_url":"https:\/\/kallisterra.corsica\/it\/informazioni-legali\/","og_site_name":"KALLISTERRA","article_modified_time":"2025-04-24T09:41:12+00:00","og_image":[{"width":800,"height":449,"url":"https:\/\/kallisterra.corsica\/wp-content\/uploads\/2025\/01\/village-kallistera-corse.jpg","type":"image\/jpeg"}],"twitter_card":"summary_large_image","twitter_misc":{"Tempo di lettura stimato":"1 minuto"},"schema":{"@context":"https:\/\/schema.org","@graph":[{"@type":"WebPage","@id":"https:\/\/kallisterra.corsica\/it\/informazioni-legali\/","url":"https:\/\/kallisterra.corsica\/it\/informazioni-legali\/","name":"Informazioni legali - KALLISTERRA","isPartOf":{"@id":"https:\/\/kallisterra.corsica\/it\/#website"},"datePublished":"2025-02-17T16:07:08+00:00","dateModified":"2025-04-24T09:41:12+00:00","description":"Informazioni legali Villaggio KallisterraIndirizzo: Commune de Zonza - 20144 Sainte Lucie de Porto Vecchio","breadcrumb":{"@id":"https:\/\/kallisterra.corsica\/it\/informazioni-legali\/#breadcrumb"},"inLanguage":"it-IT","potentialAction":[{"@type":"ReadAction","target":["https:\/\/kallisterra.corsica\/it\/informazioni-legali\/"]}]},{"@type":"BreadcrumbList","@id":"https:\/\/kallisterra.corsica\/it\/informazioni-legali\/#breadcrumb","itemListElement":[{"@type":"ListItem","position":1,"name":"Accueil","item":"https:\/\/kallisterra.corsica\/it\/villaggio-kallisterra\/"},{"@type":"ListItem","position":2,"name":"Informazioni legali"}]},{"@type":"WebSite","@id":"https:\/\/kallisterra.corsica\/it\/#website","url":"https:\/\/kallisterra.corsica\/it\/","name":"KALLISTERRA","description":"club de vacance en Corse","publisher":{"@id":"https:\/\/kallisterra.corsica\/it\/#organization"},"potentialAction":[{"@type":"SearchAction","target":{"@type":"EntryPoint","urlTemplate":"https:\/\/kallisterra.corsica\/it\/?s={search_term_string}"},"query-input":{"@type":"PropertyValueSpecification","valueRequired":true,"valueName":"search_term_string"}}],"inLanguage":"it-IT"},{"@type":"Organization","@id":"https:\/\/kallisterra.corsica\/it\/#organization","name":"KALLISTERRA","url":"https:\/\/kallisterra.corsica\/it\/","logo":{"@type":"ImageObject","inLanguage":"it-IT","@id":"https:\/\/kallisterra.corsica\/it\/#\/schema\/logo\/image\/","url":"https:\/\/kallisterra.corsica\/wp-content\/uploads\/2025\/01\/favicon-kallistera.svg","contentUrl":"https:\/\/kallisterra.corsica\/wp-content\/uploads\/2025\/01\/favicon-kallistera.svg","width":"1024","height":"1024","caption":"KALLISTERRA"},"image":{"@id":"https:\/\/kallisterra.corsica\/it\/#\/schema\/logo\/image\/"}}]}},"_links":{"self":[{"href":"https:\/\/kallisterra.corsica\/it\/wp-json\/wp\/v2\/pages\/1696","targetHints":{"allow":["GET"]}}],"collection":[{"href":"https:\/\/kallisterra.corsica\/it\/wp-json\/wp\/v2\/pages"}],"about":[{"href":"https:\/\/kallisterra.corsica\/it\/wp-json\/wp\/v2\/types\/page"}],"author":[{"embeddable":true,"href":"https:\/\/kallisterra.corsica\/it\/wp-json\/wp\/v2\/users\/1"}],"replies":[{"embeddable":true,"href":"https:\/\/kallisterra.corsica\/it\/wp-json\/wp\/v2\/comments?post=1696"}],"version-history":[{"count":2,"href":"https:\/\/kallisterra.corsica\/it\/wp-json\/wp\/v2\/pages\/1696\/revisions"}],"predecessor-version":[{"id":1698,"href":"https:\/\/kallisterra.corsica\/it\/wp-json\/wp\/v2\/pages\/1696\/revisions\/1698"}],"wp:attachment":[{"href":"https:\/\/kallisterra.corsica\/it\/wp-json\/wp\/v2\/media?parent=1696"}],"curies":[{"name":"wp","href":"https:\/\/api.w.org\/{rel}","templated":true}]}}