{"id":1761,"date":"2025-01-30T16:06:37","date_gmt":"2025-01-30T15:06:37","guid":{"rendered":"https:\/\/kallisterra.corsica\/i-nostri-eventi\/"},"modified":"2025-05-15T10:00:58","modified_gmt":"2025-05-15T08:00:58","slug":"i-nostri-eventi","status":"publish","type":"page","link":"https:\/\/kallisterra.corsica\/it\/i-nostri-eventi\/","title":{"rendered":"I nostri eventi"},"content":{"rendered":"<section class=\"l-section wpb_row height_small\"><div class=\"l-section-h i-cf\"><div class=\"g-cols vc_row via_grid cols_1 laptops-cols_inherit tablets-cols_inherit mobiles-cols_1 valign_middle type_default stacking_default\"><div class=\"wpb_column vc_column_container\"><div class=\"vc_column-inner\"><h1 class=\"w-text us_custom_4da96444 has_text_color us_animate_this\"><span class=\"w-text-h\"><span class=\"w-text-value\">Ricordi meravigliosi per tutta la famiglia<\/span><\/span><\/h1><div class=\"w-html\"><video autoplay=\"\" loop=\"\" muted=\"\" playsinline=\"\" style=\"width: 100%; height: 400px; object-fit: cover; border-radius: 20px;\">\n    <source src=\"https:\/\/kallisterra.fr\/wp-content\/uploads\/2025\/02\/KALLSTERA-ANIMATIONS-V2.mp4\" type=\"video\/mp4\">\n Il vostro browser non supporta i video.\n<\/source><\/video><\/div><\/div><\/div><\/div><\/div><\/section><section class=\"l-section wpb_row us_custom_477ec717 height_medium\"><div class=\"l-section-h i-cf\"><div class=\"g-cols vc_row via_grid cols_1 laptops-cols_inherit tablets-cols_inherit mobiles-cols_1 valign_top type_default stacking_default\"><div class=\"wpb_column vc_column_container\"><div class=\"vc_column-inner\"><div class=\"g-cols wpb_row via_grid cols_1-2 laptops-cols_inherit tablets-cols_inherit mobiles-cols_1 valign_top type_default stacking_default\" style=\"--columns-gap:3rem;\"><div class=\"wpb_column vc_column_container\"><div class=\"vc_column-inner\"><h2 class=\"w-text us_custom_0ccc3812\"><span class=\"w-text-h\"><span class=\"w-text-value\">Kallisterra, un villaggio dove la vita \u00e8 bella&#8230; e divertente!<\/span><\/span><\/h2><\/div><\/div><div class=\"wpb_column vc_column_container\"><div class=\"vc_column-inner\"><div class=\"wpb_text_column us_custom_432d3f53\"><div class=\"wpb_wrapper\"><p>Il villaggio vacanze Kallisterra \u00e8 la soluzione ideale <strong>per vacanze con amici e famiglia, per tutte le et\u00e0! Ci sono<\/strong> tutti gli ingredienti per rendere le vostre vacanze<strong> in Corsica magiche e indimenticabili<\/strong>: spettacoli di cabaret, serate danzanti, serate a tema, tornei sportivi in cui l&#8217;unica competizione consentita \u00e8 quella del piacere condiviso e un <strong>club per bambini <\/strong>che si prender\u00e0 cura dei pi\u00f9 piccoli a loro piacimento! Rilassatevi e rilassatevi! Pensiamo a tutto noi!<\/p>\n<\/div><\/div><div class=\"w-separator size_small\"><\/div><div class=\"w-hwrapper valign_middle wrap align_none\"><div class=\"w-btn-wrapper align_none\"><a class=\"w-btn us-btn-style_2\" href=\"https:\/\/kallisterra.corsica\/it\/le-nostre-attivita\/\"><span class=\"w-btn-label\">Vedi le nostre attivit\u00e0<\/span><\/a><\/div><div class=\"w-btn-wrapper align_none\"><a class=\"w-btn us-btn-style_1 icon_atleft\" href=\"https:\/\/reservation.secureholiday.net\/fr\/15828\/\"><i class=\"fas fa-calendar-alt\"><\/i><span class=\"w-btn-label\">SIMULAZIONE &#8211; PRENOTAZIONE<\/span><\/a><\/div><\/div><\/div><\/div><\/div><\/div><\/div><\/div><\/div><\/section><section class=\"l-section wpb_row us_custom_d142a3f0 height_medium\"><div class=\"l-section-h i-cf\"><div class=\"g-cols vc_row via_grid cols_1 laptops-cols_inherit tablets-cols_inherit mobiles-cols_1 valign_top type_default stacking_default\"><div class=\"wpb_column vc_column_container\"><div class=\"vc_column-inner\"><div class=\"w-iconbox us_custom_9ba02605 has_text_color iconpos_right style_default color_primary align_left no_text\"><div class=\"w-iconbox-meta\"><h3 class=\"w-iconbox-title\">Eventi<\/h3><\/div><div class=\"w-iconbox-icon\" style=\"font-size:3rem;\"><\/div><\/div><div class=\"w-separator size_small\"><\/div><div class=\"g-cols wpb_row us_custom_f1a4f275 us_animate_this via_grid cols_2 laptops-cols_inherit tablets-cols_inherit mobiles-cols_1 valign_middle type_default stacking_default\" style=\"--columns-gap:0rem;\"><div class=\"wpb_column vc_column_container\"><div class=\"vc_column-inner\"><div class=\"w-slider us_custom_14cc7bba us_animate_this style_none fit_cover nav_none has_border_radius count_3\"><div class=\"w-slider-h\" aria-hidden=\"true\"><div class=\"royalSlider\"><div class=\"rsContent\"><a class=\"rsImg\" data-rsw=\"800\" data-rsh=\"450\" data-rsBigImg=\"https:\/\/kallisterra.corsica\/wp-content\/uploads\/2025\/02\/animation.jpg\" href=\"https:\/\/kallisterra.corsica\/wp-content\/uploads\/2025\/02\/animation.jpg\"><span data-alt=\"\"><\/span><\/a><\/div><div class=\"rsContent\"><a class=\"rsImg\" data-rsw=\"800\" data-rsh=\"450\" data-rsBigImg=\"https:\/\/kallisterra.corsica\/wp-content\/uploads\/2025\/02\/animation2.jpg\" href=\"https:\/\/kallisterra.corsica\/wp-content\/uploads\/2025\/02\/animation2.jpg\"><span data-alt=\"\"><\/span><\/a><\/div><div class=\"rsContent\"><a class=\"rsImg\" data-rsw=\"800\" data-rsh=\"450\" data-rsBigImg=\"https:\/\/kallisterra.corsica\/wp-content\/uploads\/2025\/02\/animation3.jpg\" href=\"https:\/\/kallisterra.corsica\/wp-content\/uploads\/2025\/02\/animation3.jpg\"><span data-alt=\"\"><\/span><\/a><\/div><\/div><img decoding=\"async\" src=\"https:\/\/kallisterra.corsica\/wp-content\/uploads\/2025\/02\/animation.jpg\" width=\"800\" height=\"450\" alt loading=\"lazy\"><\/div><div class=\"w-slider-json\" onclick='return {&quot;autoScaleSlider&quot;:false,&quot;addActiveClass&quot;:true,&quot;loop&quot;:true,&quot;fadeInLoadedSlide&quot;:false,&quot;slidesSpacing&quot;:0,&quot;imageScalePadding&quot;:0,&quot;numImagesToPreload&quot;:2,&quot;arrowsNav&quot;:true,&quot;arrowsNavAutoHide&quot;:false,&quot;transitionType&quot;:&quot;move&quot;,&quot;transitionSpeed&quot;:400,&quot;block&quot;:{&quot;moveEffect&quot;:&quot;none&quot;,&quot;speed&quot;:300},&quot;thumbs&quot;:{&quot;fitInViewport&quot;:false,&quot;firstMargin&quot;:false,&quot;spacing&quot;:4},&quot;controlNavigation&quot;:&quot;none&quot;,&quot;autoplay&quot;:{&quot;enabled&quot;:true,&quot;pauseOnHover&quot;:false,&quot;delay&quot;:3000},&quot;fullscreen&quot;:{&quot;enabled&quot;:true}}'><\/div><\/div><\/div><\/div><div class=\"wpb_column vc_column_container us_custom_4647071c has_bg_color\"><div class=\"vc_column-inner\"><div class=\"wpb_text_column us_custom_432d3f53\"><div class=\"wpb_wrapper\"><p><span style=\"color: #0081c9;\"><strong>Momenti di convivialit\u00e0<br \/>\n<\/strong><\/span>Durante la giornata, partecipate alle nostre attivit\u00e0 di festa con la famiglia e gli amici, immersi in un&#8217;atmosfera accogliente e rilassata, con giochi di squadra, tornei sportivi e giochi di societ\u00e0 organizzati dai nostri animatori.<\/p>\n<p><span style=\"color: #0081c9;\"><strong>Incanto sotto le stelle<br \/>\n<\/strong><\/span>Ogni serata \u00e8 illuminata dall&#8217;intrattenimento, seguito da una festa da ballo in cui potrete mettere in pratica le vostre migliori mosse di danza! Ammirate gli spettacoli di Cabaret Music-hall nel nostro Teatro all&#8217;aperto, interpretati da veri professionisti dello spettacolo. Grazie al suo schermo gigante, il Teatro viene utilizzato anche come cinema per trasmettere i principali eventi sportivi.<\/p>\n<\/div><\/div><\/div><\/div><\/div><div class=\"w-separator size_large\"><\/div><\/div><\/div><\/div><\/div><\/section><section class=\"l-section wpb_row us_custom_a543a211 height_medium\"><div class=\"l-section-h i-cf\"><div class=\"g-cols vc_row via_grid cols_1 laptops-cols_inherit tablets-cols_inherit mobiles-cols_1 valign_top type_default stacking_default\"><div class=\"wpb_column vc_column_container\"><div class=\"vc_column-inner\"><div class=\"w-iconbox us_custom_9ba02605 has_text_color iconpos_right style_default color_primary align_left no_text\"><div class=\"w-iconbox-meta\"><h4 class=\"w-iconbox-title\">Il Bar<\/h4><\/div><div class=\"w-iconbox-icon\" style=\"font-size:3.5rem;\"><\/div><\/div><div class=\"w-separator size_small\"><\/div><div class=\"g-cols wpb_row us_custom_f1a4f275 us_animate_this via_grid cols_2 laptops-cols_inherit tablets-cols_inherit mobiles-cols_1 valign_middle type_default reversed stacking_default\" style=\"--columns-gap:0rem;\"><div class=\"wpb_column vc_column_container us_custom_642f28bc has_bg_color\"><div class=\"vc_column-inner\"><div class=\"wpb_text_column us_custom_432d3f53\"><div class=\"wpb_wrapper\"><p><span style=\"color: #0081c9;\"><strong>Atmosfera da lungomare<br \/>\n<\/strong><\/span>Con una vista mozzafiato sulla baia di Pinarello, il nostro Bar vi accoglie in uno spazio pensato per il relax, i corsi di ballo, i concerti, i giochi da bar, le serate a tema, il casin\u00f2, il karaoke e le danze!<br \/>\nOltre a bevande e cocktail rinfrescanti, troverete stuzzichini golosi: gelati, cr\u00eapes&#8230; il tutto ammirando una delle baie pi\u00f9 belle del mondo.<\/p>\n<\/div><\/div><\/div><\/div><div class=\"wpb_column vc_column_container\"><div class=\"vc_column-inner\"><div class=\"w-slider us_custom_5de8946a us_animate_this style_none fit_cover nav_none has_border_radius count_3\"><div class=\"w-slider-h\" aria-hidden=\"true\"><div class=\"royalSlider\"><div class=\"rsContent\"><a class=\"rsImg\" data-rsw=\"800\" data-rsh=\"450\" data-rsBigImg=\"https:\/\/kallisterra.corsica\/wp-content\/uploads\/2025\/02\/bar1.jpg\" href=\"https:\/\/kallisterra.corsica\/wp-content\/uploads\/2025\/02\/bar1.jpg\"><span data-alt=\"\"><\/span><\/a><\/div><div class=\"rsContent\"><a class=\"rsImg\" data-rsw=\"800\" data-rsh=\"450\" data-rsBigImg=\"https:\/\/kallisterra.corsica\/wp-content\/uploads\/2025\/02\/bar2.jpg\" href=\"https:\/\/kallisterra.corsica\/wp-content\/uploads\/2025\/02\/bar2.jpg\"><span data-alt=\"\"><\/span><\/a><\/div><div class=\"rsContent\"><a class=\"rsImg\" data-rsw=\"800\" data-rsh=\"450\" data-rsBigImg=\"https:\/\/kallisterra.corsica\/wp-content\/uploads\/2025\/02\/bar3.jpg\" href=\"https:\/\/kallisterra.corsica\/wp-content\/uploads\/2025\/02\/bar3.jpg\"><span data-alt=\"\"><\/span><\/a><\/div><\/div><img decoding=\"async\" src=\"https:\/\/kallisterra.corsica\/wp-content\/uploads\/2025\/02\/bar1.jpg\" width=\"800\" height=\"450\" alt loading=\"lazy\"><\/div><div class=\"w-slider-json\" onclick='return {&quot;autoScaleSlider&quot;:false,&quot;addActiveClass&quot;:true,&quot;loop&quot;:true,&quot;fadeInLoadedSlide&quot;:false,&quot;slidesSpacing&quot;:0,&quot;imageScalePadding&quot;:0,&quot;numImagesToPreload&quot;:2,&quot;arrowsNav&quot;:true,&quot;arrowsNavAutoHide&quot;:false,&quot;transitionType&quot;:&quot;move&quot;,&quot;transitionSpeed&quot;:400,&quot;block&quot;:{&quot;moveEffect&quot;:&quot;none&quot;,&quot;speed&quot;:300},&quot;thumbs&quot;:{&quot;fitInViewport&quot;:false,&quot;firstMargin&quot;:false,&quot;spacing&quot;:4},&quot;controlNavigation&quot;:&quot;none&quot;,&quot;autoplay&quot;:{&quot;enabled&quot;:true,&quot;pauseOnHover&quot;:false,&quot;delay&quot;:3000},&quot;fullscreen&quot;:{&quot;enabled&quot;:true}}'><\/div><\/div><\/div><\/div><\/div><div class=\"w-separator size_large\"><\/div><\/div><\/div><\/div><\/div><\/section><section class=\"l-section wpb_row us_custom_5a558642 height_medium\" id=\"club-enfant\"><div class=\"l-section-h i-cf\"><div class=\"g-cols vc_row via_grid cols_1 laptops-cols_inherit tablets-cols_inherit mobiles-cols_1 valign_top type_default stacking_default\"><div class=\"wpb_column vc_column_container\"><div class=\"vc_column-inner\"><div class=\"w-iconbox us_custom_9ba02605 has_text_color iconpos_right style_default color_primary align_left no_text\"><div class=\"w-iconbox-meta\"><h5 class=\"w-iconbox-title\">Club per bambini<\/h5><\/div><div class=\"w-iconbox-icon\" style=\"font-size:3.5rem;\"><\/div><\/div><div class=\"w-separator size_small\"><\/div><div class=\"g-cols wpb_row us_custom_f1a4f275 us_animate_this via_grid cols_2 laptops-cols_inherit tablets-cols_inherit mobiles-cols_1 valign_middle type_default stacking_default\" style=\"--columns-gap:0rem;\"><div class=\"wpb_column vc_column_container\"><div class=\"vc_column-inner\"><div class=\"w-slider us_custom_6a62aa98 us_animate_this style_none fit_cover nav_none has_border_radius count_3\"><div class=\"w-slider-h\" aria-hidden=\"true\"><div class=\"royalSlider\"><div class=\"rsContent\"><a class=\"rsImg\" data-rsw=\"800\" data-rsh=\"450\" data-rsBigImg=\"https:\/\/kallisterra.corsica\/wp-content\/uploads\/2025\/02\/club-enfant.jpg\" href=\"https:\/\/kallisterra.corsica\/wp-content\/uploads\/2025\/02\/club-enfant.jpg\"><span data-alt=\"\"><\/span><\/a><\/div><div class=\"rsContent\"><a class=\"rsImg\" data-rsw=\"800\" data-rsh=\"450\" data-rsBigImg=\"https:\/\/kallisterra.corsica\/wp-content\/uploads\/2025\/02\/club-enfant-foot.jpg\" href=\"https:\/\/kallisterra.corsica\/wp-content\/uploads\/2025\/02\/club-enfant-foot.jpg\"><span data-alt=\"\"><\/span><\/a><\/div><div class=\"rsContent\"><a class=\"rsImg\" data-rsw=\"800\" data-rsh=\"450\" data-rsBigImg=\"https:\/\/kallisterra.corsica\/wp-content\/uploads\/2025\/02\/optimist-1.jpg\" href=\"https:\/\/kallisterra.corsica\/wp-content\/uploads\/2025\/02\/optimist-1.jpg\"><span data-alt=\"\"><\/span><\/a><\/div><\/div><img decoding=\"async\" src=\"https:\/\/kallisterra.corsica\/wp-content\/uploads\/2025\/02\/club-enfant.jpg\" width=\"800\" height=\"450\" alt loading=\"lazy\"><\/div><div class=\"w-slider-json\" onclick='return {&quot;autoScaleSlider&quot;:false,&quot;addActiveClass&quot;:true,&quot;loop&quot;:true,&quot;fadeInLoadedSlide&quot;:false,&quot;slidesSpacing&quot;:0,&quot;imageScalePadding&quot;:0,&quot;numImagesToPreload&quot;:2,&quot;arrowsNav&quot;:true,&quot;arrowsNavAutoHide&quot;:false,&quot;transitionType&quot;:&quot;move&quot;,&quot;transitionSpeed&quot;:400,&quot;block&quot;:{&quot;moveEffect&quot;:&quot;none&quot;,&quot;speed&quot;:300},&quot;thumbs&quot;:{&quot;fitInViewport&quot;:false,&quot;firstMargin&quot;:false,&quot;spacing&quot;:4},&quot;controlNavigation&quot;:&quot;none&quot;,&quot;autoplay&quot;:{&quot;enabled&quot;:true,&quot;pauseOnHover&quot;:false,&quot;delay&quot;:3000},&quot;fullscreen&quot;:{&quot;enabled&quot;:true}}'><\/div><\/div><\/div><\/div><div class=\"wpb_column vc_column_container us_custom_4647071c has_bg_color\"><div class=\"vc_column-inner\"><div class=\"wpb_text_column us_custom_432d3f53\"><div class=\"wpb_wrapper\"><p>Il nostro Club per bambini \u00e8 <strong>gratuito.<\/strong> I nostri animatori accolgono, sorvegliano e intrattengono i vostri bambini dai 3 ai 14 anni, mentre voi vi dedicate alle vostre attivit\u00e0 preferite, senza problemi!<br \/>\nC&#8217;\u00e8 un&#8217;area speciale per loro e possono utilizzare le nostre strutture per attivit\u00e0 ludiche, sportive, artistiche e artigianali durante tutto il giorno e la sera&#8230;. <\/p>\n<p><strong>Tutte le attivit\u00e0 offerte dal Kids Club sono supervisionate da istruttori qualificati ed esperti, oltre che da un bagnino che li accompagna durante le attivit\u00e0 acquatiche e gli sport acquatici.<\/strong><\/p>\n<p>Il nostro team si occupa dei vostri tesori dal luned\u00ec al sabato durante le vacanze scolastiche francesi. Genitori, non ci sono problemi! Siete liberi di accompagnare o riprendere i vostri figli quando volete durante gli orari di apertura del Club.<\/p>\n<\/div><\/div><\/div><\/div><\/div><div class=\"w-separator size_medium\"><\/div><div class=\"g-cols wpb_row us_custom_900f9477 via_grid cols_2 laptops-cols_inherit tablets-cols_inherit mobiles-cols_1 valign_top type_default stacking_default\" style=\"--columns-gap:3rem;\"><div class=\"wpb_column vc_column_container\"><div class=\"vc_column-inner\"><div class=\"wpb_text_column us_custom_d16295ca\"><div class=\"wpb_wrapper\"><p><strong><span style=\"color: #0081c9;\">Il Mini Club, da 3 a 7 anni<\/span><\/strong><\/p>\n<\/div><\/div><div class=\"w-separator size_small\"><\/div><div class=\"wpb_text_column us_custom_432d3f53\"><div class=\"wpb_wrapper\"><p><strong>In programma:<\/strong> attivit\u00e0 ludiche e artigianali, balli, intrattenimento serale, partecipazione a spettacoli, giochi con la palla, nuoto, bagni e giochi in spiaggia, tiro con l&#8217;arco, fitness kids, giochi di fuga, giochi circensi, caccia al tesoro, olimpiadi, raduni, spettacoli, giochi di ruolo, guinguette, boum, cinema, casin\u00f2&#8230;<\/p>\n<\/div><\/div><\/div><\/div><div class=\"wpb_column vc_column_container\"><div class=\"vc_column-inner\"><div class=\"wpb_text_column us_custom_d16295ca\"><div class=\"wpb_wrapper\"><p><span style=\"color: #0081c9;\"><strong>Club cadetti per ragazzi dagli 8 ai 14 anni<\/strong><\/span><strong><span style=\"color: #0081c9;\">\u2028<\/span><\/strong><\/p>\n<\/div><\/div><div class=\"w-separator size_small\"><\/div><div class=\"wpb_text_column us_custom_432d3f53\"><div class=\"wpb_wrapper\"><p><strong>Il programma<\/strong> prevede giochi di ruolo, cinema, guinguette, olimpiadi, danza, animazione serale, partecipazione a spettacoli, pallavolo, tennis da tavolo, tiro con l&#8217;arco, orienteering, giochi in spiaggia e nuoto, pallacanestro, hockey, giochi con la palla, petanque, tennis a met\u00e0 campo, calcio, pugilato, boum, giochi circensi e molto altro.<\/p>\n<\/div><\/div><\/div><\/div><\/div><div class=\"w-separator size_large\"><\/div><\/div><\/div><\/div><\/div><\/section><section class=\"l-section wpb_row height_medium\"><div class=\"l-section-h i-cf\"><div class=\"g-cols vc_row via_grid cols_1 laptops-cols_inherit tablets-cols_inherit mobiles-cols_1 valign_top type_default stacking_default\"><div class=\"wpb_column vc_column_container us_custom_3f181392 us_animate_this has_bg_color\"><div class=\"vc_column-inner\"><div class=\"w-separator size_medium\"><\/div><div class=\"wpb_text_column us_custom_e7cc6120 has_text_color\"><div class=\"wpb_wrapper\"><p style=\"text-align: center;\"><em><strong>Saremo lieti di accogliervi nel nostro paradiso corso!<\/strong><\/em><\/p>\n<\/div><\/div><div class=\"w-separator size_medium\"><\/div><div class=\"w-btn-wrapper align_center\"><a class=\"w-btn us-btn-style_1 icon_atleft\" target=\"_blank\" href=\"https:\/\/reservation.secureholiday.net\/fr\/15828\/\"><i class=\"fas fa-calendar-alt\"><\/i><span class=\"w-btn-label\">SIMULAZIONE &#8211; PRENOTAZIONE<\/span><\/a><\/div><div class=\"w-separator size_medium\"><\/div><\/div><\/div><\/div><\/div><\/section>\n","protected":false},"excerpt":{"rendered":"Ricordi meravigliosi per tutta la famiglia Il vostro browser non supporta i video. Kallisterra, un villaggio dove la vita \u00e8 bella&#8230; e divertente!Il villaggio vacanze Kallisterra \u00e8 la soluzione ideale per vacanze con amici e famiglia, per tutte le et\u00e0! Ci sono tutti gli ingredienti per rendere le vostre vacanze in Corsica magiche e indimenticabili:...","protected":false},"author":1,"featured_media":0,"parent":0,"menu_order":0,"comment_status":"closed","ping_status":"closed","template":"","meta":{"_acf_changed":false,"footnotes":""},"class_list":["post-1761","page","type-page","status-publish","hentry"],"acf":[],"yoast_head":"<!-- This site is optimized with the Yoast SEO plugin v27.6 - https:\/\/yoast.com\/product\/yoast-seo-wordpress\/ -->\n<title>I nostri eventi - KALLISTERRA<\/title>\n<meta name=\"description\" content=\"Villaggio turistico Kallisterra, per vacanze con amici e famiglia, per tutte le generazioni! Momenti indimenticabili.\" \/>\n<meta name=\"robots\" content=\"index, follow, max-snippet:-1, max-image-preview:large, max-video-preview:-1\" \/>\n<link rel=\"canonical\" href=\"https:\/\/kallisterra.corsica\/it\/i-nostri-eventi\/\" \/>\n<meta property=\"og:locale\" content=\"it_IT\" \/>\n<meta property=\"og:type\" content=\"article\" \/>\n<meta property=\"og:title\" content=\"I nostri eventi - KALLISTERRA\" \/>\n<meta property=\"og:description\" content=\"Villaggio turistico Kallisterra, per vacanze con amici e famiglia, per tutte le generazioni! Momenti indimenticabili.\" \/>\n<meta property=\"og:url\" content=\"https:\/\/kallisterra.corsica\/it\/i-nostri-eventi\/\" \/>\n<meta property=\"og:site_name\" content=\"KALLISTERRA\" \/>\n<meta property=\"article:modified_time\" content=\"2025-05-15T08:00:58+00:00\" \/>\n<meta property=\"og:image\" content=\"https:\/\/kallisterra.corsica\/wp-content\/uploads\/2025\/01\/village-kallistera-corse.jpg\" \/>\n\t<meta property=\"og:image:width\" content=\"800\" \/>\n\t<meta property=\"og:image:height\" content=\"449\" \/>\n\t<meta property=\"og:image:type\" content=\"image\/jpeg\" \/>\n<meta name=\"twitter:card\" content=\"summary_large_image\" \/>\n<meta name=\"twitter:label1\" content=\"Tempo di lettura stimato\" \/>\n\t<meta name=\"twitter:data1\" content=\"10 minuti\" \/>\n<script type=\"application\/ld+json\" class=\"yoast-schema-graph\">{\"@context\":\"https:\\\/\\\/schema.org\",\"@graph\":[{\"@type\":\"WebPage\",\"@id\":\"https:\\\/\\\/kallisterra.corsica\\\/it\\\/i-nostri-eventi\\\/\",\"url\":\"https:\\\/\\\/kallisterra.corsica\\\/it\\\/i-nostri-eventi\\\/\",\"name\":\"I nostri eventi - KALLISTERRA\",\"isPartOf\":{\"@id\":\"https:\\\/\\\/kallisterra.corsica\\\/it\\\/#website\"},\"datePublished\":\"2025-01-30T15:06:37+00:00\",\"dateModified\":\"2025-05-15T08:00:58+00:00\",\"description\":\"Villaggio turistico Kallisterra, per vacanze con amici e famiglia, per tutte le generazioni! Momenti indimenticabili.\",\"breadcrumb\":{\"@id\":\"https:\\\/\\\/kallisterra.corsica\\\/it\\\/i-nostri-eventi\\\/#breadcrumb\"},\"inLanguage\":\"it-IT\",\"potentialAction\":[{\"@type\":\"ReadAction\",\"target\":[\"https:\\\/\\\/kallisterra.corsica\\\/it\\\/i-nostri-eventi\\\/\"]}]},{\"@type\":\"BreadcrumbList\",\"@id\":\"https:\\\/\\\/kallisterra.corsica\\\/it\\\/i-nostri-eventi\\\/#breadcrumb\",\"itemListElement\":[{\"@type\":\"ListItem\",\"position\":1,\"name\":\"Accueil\",\"item\":\"https:\\\/\\\/kallisterra.corsica\\\/it\\\/villaggio-kallisterra\\\/\"},{\"@type\":\"ListItem\",\"position\":2,\"name\":\"I nostri eventi\"}]},{\"@type\":\"WebSite\",\"@id\":\"https:\\\/\\\/kallisterra.corsica\\\/it\\\/#website\",\"url\":\"https:\\\/\\\/kallisterra.corsica\\\/it\\\/\",\"name\":\"KALLISTERRA\",\"description\":\"club de vacance en Corse\",\"publisher\":{\"@id\":\"https:\\\/\\\/kallisterra.corsica\\\/it\\\/#organization\"},\"potentialAction\":[{\"@type\":\"SearchAction\",\"target\":{\"@type\":\"EntryPoint\",\"urlTemplate\":\"https:\\\/\\\/kallisterra.corsica\\\/it\\\/?s={search_term_string}\"},\"query-input\":{\"@type\":\"PropertyValueSpecification\",\"valueRequired\":true,\"valueName\":\"search_term_string\"}}],\"inLanguage\":\"it-IT\"},{\"@type\":\"Organization\",\"@id\":\"https:\\\/\\\/kallisterra.corsica\\\/it\\\/#organization\",\"name\":\"KALLISTERRA\",\"url\":\"https:\\\/\\\/kallisterra.corsica\\\/it\\\/\",\"logo\":{\"@type\":\"ImageObject\",\"inLanguage\":\"it-IT\",\"@id\":\"https:\\\/\\\/kallisterra.corsica\\\/it\\\/#\\\/schema\\\/logo\\\/image\\\/\",\"url\":\"https:\\\/\\\/kallisterra.corsica\\\/wp-content\\\/uploads\\\/2025\\\/01\\\/favicon-kallistera.svg\",\"contentUrl\":\"https:\\\/\\\/kallisterra.corsica\\\/wp-content\\\/uploads\\\/2025\\\/01\\\/favicon-kallistera.svg\",\"width\":\"1024\",\"height\":\"1024\",\"caption\":\"KALLISTERRA\"},\"image\":{\"@id\":\"https:\\\/\\\/kallisterra.corsica\\\/it\\\/#\\\/schema\\\/logo\\\/image\\\/\"}}]}<\/script>\n<!-- \/ Yoast SEO plugin. -->","yoast_head_json":{"title":"I nostri eventi - KALLISTERRA","description":"Villaggio turistico Kallisterra, per vacanze con amici e famiglia, per tutte le generazioni! Momenti indimenticabili.","robots":{"index":"index","follow":"follow","max-snippet":"max-snippet:-1","max-image-preview":"max-image-preview:large","max-video-preview":"max-video-preview:-1"},"canonical":"https:\/\/kallisterra.corsica\/it\/i-nostri-eventi\/","og_locale":"it_IT","og_type":"article","og_title":"I nostri eventi - KALLISTERRA","og_description":"Villaggio turistico Kallisterra, per vacanze con amici e famiglia, per tutte le generazioni! Momenti indimenticabili.","og_url":"https:\/\/kallisterra.corsica\/it\/i-nostri-eventi\/","og_site_name":"KALLISTERRA","article_modified_time":"2025-05-15T08:00:58+00:00","og_image":[{"width":800,"height":449,"url":"https:\/\/kallisterra.corsica\/wp-content\/uploads\/2025\/01\/village-kallistera-corse.jpg","type":"image\/jpeg"}],"twitter_card":"summary_large_image","twitter_misc":{"Tempo di lettura stimato":"10 minuti"},"schema":{"@context":"https:\/\/schema.org","@graph":[{"@type":"WebPage","@id":"https:\/\/kallisterra.corsica\/it\/i-nostri-eventi\/","url":"https:\/\/kallisterra.corsica\/it\/i-nostri-eventi\/","name":"I nostri eventi - KALLISTERRA","isPartOf":{"@id":"https:\/\/kallisterra.corsica\/it\/#website"},"datePublished":"2025-01-30T15:06:37+00:00","dateModified":"2025-05-15T08:00:58+00:00","description":"Villaggio turistico Kallisterra, per vacanze con amici e famiglia, per tutte le generazioni! Momenti indimenticabili.","breadcrumb":{"@id":"https:\/\/kallisterra.corsica\/it\/i-nostri-eventi\/#breadcrumb"},"inLanguage":"it-IT","potentialAction":[{"@type":"ReadAction","target":["https:\/\/kallisterra.corsica\/it\/i-nostri-eventi\/"]}]},{"@type":"BreadcrumbList","@id":"https:\/\/kallisterra.corsica\/it\/i-nostri-eventi\/#breadcrumb","itemListElement":[{"@type":"ListItem","position":1,"name":"Accueil","item":"https:\/\/kallisterra.corsica\/it\/villaggio-kallisterra\/"},{"@type":"ListItem","position":2,"name":"I nostri eventi"}]},{"@type":"WebSite","@id":"https:\/\/kallisterra.corsica\/it\/#website","url":"https:\/\/kallisterra.corsica\/it\/","name":"KALLISTERRA","description":"club de vacance en Corse","publisher":{"@id":"https:\/\/kallisterra.corsica\/it\/#organization"},"potentialAction":[{"@type":"SearchAction","target":{"@type":"EntryPoint","urlTemplate":"https:\/\/kallisterra.corsica\/it\/?s={search_term_string}"},"query-input":{"@type":"PropertyValueSpecification","valueRequired":true,"valueName":"search_term_string"}}],"inLanguage":"it-IT"},{"@type":"Organization","@id":"https:\/\/kallisterra.corsica\/it\/#organization","name":"KALLISTERRA","url":"https:\/\/kallisterra.corsica\/it\/","logo":{"@type":"ImageObject","inLanguage":"it-IT","@id":"https:\/\/kallisterra.corsica\/it\/#\/schema\/logo\/image\/","url":"https:\/\/kallisterra.corsica\/wp-content\/uploads\/2025\/01\/favicon-kallistera.svg","contentUrl":"https:\/\/kallisterra.corsica\/wp-content\/uploads\/2025\/01\/favicon-kallistera.svg","width":"1024","height":"1024","caption":"KALLISTERRA"},"image":{"@id":"https:\/\/kallisterra.corsica\/it\/#\/schema\/logo\/image\/"}}]}},"_links":{"self":[{"href":"https:\/\/kallisterra.corsica\/it\/wp-json\/wp\/v2\/pages\/1761","targetHints":{"allow":["GET"]}}],"collection":[{"href":"https:\/\/kallisterra.corsica\/it\/wp-json\/wp\/v2\/pages"}],"about":[{"href":"https:\/\/kallisterra.corsica\/it\/wp-json\/wp\/v2\/types\/page"}],"author":[{"embeddable":true,"href":"https:\/\/kallisterra.corsica\/it\/wp-json\/wp\/v2\/users\/1"}],"replies":[{"embeddable":true,"href":"https:\/\/kallisterra.corsica\/it\/wp-json\/wp\/v2\/comments?post=1761"}],"version-history":[{"count":5,"href":"https:\/\/kallisterra.corsica\/it\/wp-json\/wp\/v2\/pages\/1761\/revisions"}],"predecessor-version":[{"id":1766,"href":"https:\/\/kallisterra.corsica\/it\/wp-json\/wp\/v2\/pages\/1761\/revisions\/1766"}],"wp:attachment":[{"href":"https:\/\/kallisterra.corsica\/it\/wp-json\/wp\/v2\/media?parent=1761"}],"curies":[{"name":"wp","href":"https:\/\/api.w.org\/{rel}","templated":true}]}}